{"id":1055,"date":"2024-01-29T23:22:42","date_gmt":"2024-01-29T22:22:42","guid":{"rendered":"http:\/\/192.168.3.125\/WEB_JMSOLER\/?page_id=1055"},"modified":"2024-02-06T23:22:59","modified_gmt":"2024-02-06T22:22:59","slug":"articulos","status":"publish","type":"page","link":"http:\/\/www.jmssporthorses.es\/?page_id=1055","title":{"rendered":"Noticias"},"content":{"rendered":"\t\t<div data-elementor-type=\"wp-page\" data-elementor-id=\"1055\" class=\"elementor elementor-1055\">\n\t\t\t\t<div class=\"elementor-element elementor-element-73912160 e-flex e-con-boxed e-con e-parent\" data-id=\"73912160\" data-element_type=\"container\" data-settings=\"{&quot;background_background&quot;:&quot;classic&quot;}\">\n\t\t\t\t\t<div class=\"e-con-inner\">\n\t\t<div class=\"elementor-element elementor-element-72811ef0 e-con-full e-flex e-con e-child\" data-id=\"72811ef0\" data-element_type=\"container\">\n\t\t<div class=\"elementor-element elementor-element-1c94b9ca e-con-full e-flex e-con e-child\" data-id=\"1c94b9ca\" data-element_type=\"container\">\n\t\t<div class=\"elementor-element elementor-element-5260acae e-con-full e-flex e-con e-child\" data-id=\"5260acae\" data-element_type=\"container\">\n\t\t\t\t<div class=\"elementor-element elementor-element-3ab45d4b elementor-widget elementor-widget-heading\" data-id=\"3ab45d4b\" data-element_type=\"widget\" data-widget_type=\"heading.default\">\n\t\t\t\t<div class=\"elementor-widget-container\">\n\t\t\t\t\t<h1 class=\"elementor-heading-title elementor-size-default\">Noticias<\/h1>\t\t\t\t<\/div>\n\t\t\t\t<\/div>\n\t\t\t\t<\/div>\n\t\t\t\t<\/div>\n\t\t<div class=\"elementor-element elementor-element-31540373 e-con-full e-flex e-con e-child\" data-id=\"31540373\" data-element_type=\"container\">\n\t\t<div class=\"elementor-element elementor-element-5a705394 e-con-full e-flex e-con e-child\" data-id=\"5a705394\" data-element_type=\"container\">\n\t\t\t\t<div class=\"elementor-element elementor-element-6ec424d2 elementor-widget__width-initial elementor-widget elementor-widget-heading\" data-id=\"6ec424d2\" data-element_type=\"widget\" data-widget_type=\"heading.default\">\n\t\t\t\t<div class=\"elementor-widget-container\">\n\t\t\t\t\t<h3 class=\"elementor-heading-title elementor-size-default\">Galopa con la actualidad equina: Noticias hipicas que te llevan directo a la pista del conocimiento.<\/h3>\t\t\t\t<\/div>\n\t\t\t\t<\/div>\n\t\t\t\t<\/div>\n\t\t\t\t<\/div>\n\t\t\t\t<\/div>\n\t\t\t\t\t<\/div>\n\t\t\t\t<\/div>\n\t\t<div class=\"elementor-element elementor-element-10546cca e-flex e-con-boxed e-con e-parent\" data-id=\"10546cca\" data-element_type=\"container\" data-settings=\"{&quot;background_background&quot;:&quot;classic&quot;}\">\n\t\t\t\t\t<div class=\"e-con-inner\">\n\t\t\t\t<div class=\"elementor-element elementor-element-a016e76 elementor-grid-2 elementor-grid-tablet-2 elementor-grid-mobile-1 elementor-posts--thumbnail-top elementor-card-shadow-yes elementor-posts__hover-gradient elementor-widget elementor-widget-posts\" data-id=\"a016e76\" data-element_type=\"widget\" data-settings=\"{&quot;cards_columns&quot;:&quot;2&quot;,&quot;pagination_type&quot;:&quot;numbers&quot;,&quot;cards_columns_tablet&quot;:&quot;2&quot;,&quot;cards_columns_mobile&quot;:&quot;1&quot;,&quot;cards_row_gap&quot;:{&quot;unit&quot;:&quot;px&quot;,&quot;size&quot;:35,&quot;sizes&quot;:[]},&quot;cards_row_gap_tablet&quot;:{&quot;unit&quot;:&quot;px&quot;,&quot;size&quot;:&quot;&quot;,&quot;sizes&quot;:[]},&quot;cards_row_gap_mobile&quot;:{&quot;unit&quot;:&quot;px&quot;,&quot;size&quot;:&quot;&quot;,&quot;sizes&quot;:[]}}\" data-widget_type=\"posts.cards\">\n\t\t\t\t<div class=\"elementor-widget-container\">\n\t\t\t\t\t\t\t<div class=\"elementor-posts-container elementor-posts elementor-posts--skin-cards elementor-grid\">\n\t\t\t\t<article class=\"elementor-post elementor-grid-item post-1124 post type-post status-publish format-standard has-post-thumbnail hentry category-noticias\">\n\t\t\t<div class=\"elementor-post__card\">\n\t\t\t\t<a class=\"elementor-post__thumbnail__link\" href=\"http:\/\/www.jmssporthorses.es\/?p=1124\" ><div class=\"elementor-post__thumbnail\"><img fetchpriority=\"high\" decoding=\"async\" width=\"300\" height=\"200\" src=\"http:\/\/www.jmssporthorses.es\/wp-content\/uploads\/2024\/01\/horses-4114224_1920-300x200.jpg\" class=\"attachment-medium size-medium wp-image-1075\" alt=\"\" srcset=\"http:\/\/www.jmssporthorses.es\/wp-content\/uploads\/2024\/01\/horses-4114224_1920-300x200.jpg 300w, http:\/\/www.jmssporthorses.es\/wp-content\/uploads\/2024\/01\/horses-4114224_1920-1024x683.jpg 1024w, http:\/\/www.jmssporthorses.es\/wp-content\/uploads\/2024\/01\/horses-4114224_1920-768x512.jpg 768w, http:\/\/www.jmssporthorses.es\/wp-content\/uploads\/2024\/01\/horses-4114224_1920-1536x1024.jpg 1536w, http:\/\/www.jmssporthorses.es\/wp-content\/uploads\/2024\/01\/horses-4114224_1920.jpg 1920w\" sizes=\"(max-width: 300px) 100vw, 300px\" \/><\/div><\/a>\n\t\t\t\t<div class=\"elementor-post__text\">\n\t\t\t\t<h3 class=\"elementor-post__title\">\n\t\t\t<a href=\"http:\/\/www.jmssporthorses.es\/?p=1124\" >\n\t\t\t\tCampamento de Verano de Equitaci\u00f3n para Ni\u00f1os en Marcha\t\t\t<\/a>\n\t\t<\/h3>\n\t\t\t\t<div class=\"elementor-post__excerpt\">\n\t\t\t<p>Con el verano a la vuelta de la esquina, un reconocido centro ecuestre anunci\u00f3 su campamento anual para ni\u00f1os. La iniciativa ofrece a los m\u00e1s j\u00f3venes la oportunidad de aprender sobre el cuidado de los caballos, montar y participar en actividades divertidas y educativas en un entorno seguro.<\/p>\n\t\t<\/div>\n\t\t\t\t<\/div>\n\t\t\t\t<div class=\"elementor-post__meta-data\">\n\t\t\t\t\t<span class=\"elementor-post-date\">\n\t\t\t30 de enero de 2024\t\t<\/span>\n\t\t\t\t<span class=\"elementor-post-avatar\">\n\t\t\tNo hay comentarios\t\t<\/span>\n\t\t\t\t<\/div>\n\t\t\t\t\t<\/div>\n\t\t<\/article>\n\t\t\t\t<article class=\"elementor-post elementor-grid-item post-1122 post type-post status-publish format-standard has-post-thumbnail hentry category-noticias\">\n\t\t\t<div class=\"elementor-post__card\">\n\t\t\t\t<a class=\"elementor-post__thumbnail__link\" href=\"http:\/\/www.jmssporthorses.es\/?p=1122\" ><div class=\"elementor-post__thumbnail\"><img decoding=\"async\" width=\"300\" height=\"200\" src=\"http:\/\/www.jmssporthorses.es\/wp-content\/uploads\/2024\/02\/horse-riding-7417456_1280-300x200.jpg\" class=\"attachment-medium size-medium wp-image-1227\" alt=\"\" srcset=\"http:\/\/www.jmssporthorses.es\/wp-content\/uploads\/2024\/02\/horse-riding-7417456_1280-300x200.jpg 300w, http:\/\/www.jmssporthorses.es\/wp-content\/uploads\/2024\/02\/horse-riding-7417456_1280-1024x682.jpg 1024w, http:\/\/www.jmssporthorses.es\/wp-content\/uploads\/2024\/02\/horse-riding-7417456_1280-768x512.jpg 768w, http:\/\/www.jmssporthorses.es\/wp-content\/uploads\/2024\/02\/horse-riding-7417456_1280.jpg 1280w\" sizes=\"(max-width: 300px) 100vw, 300px\" \/><\/div><\/a>\n\t\t\t\t<div class=\"elementor-post__text\">\n\t\t\t\t<h3 class=\"elementor-post__title\">\n\t\t\t<a href=\"http:\/\/www.jmssporthorses.es\/?p=1122\" >\n\t\t\t\tInnovador Equipo de Protecci\u00f3n para Jinetes Presentado en Feria Ecuestre\t\t\t<\/a>\n\t\t<\/h3>\n\t\t\t\t<div class=\"elementor-post__excerpt\">\n\t\t\t<p>Una empresa local especializada en equipos ecuestres present\u00f3 su \u00faltima innovaci\u00f3n: un equipo de protecci\u00f3n para jinetes que combina estilo y seguridad. La novedosa tecnolog\u00eda busca mejorar la seguridad de los jinetes sin comprometer la comodidad.<\/p>\n\t\t<\/div>\n\t\t\t\t<\/div>\n\t\t\t\t<div class=\"elementor-post__meta-data\">\n\t\t\t\t\t<span class=\"elementor-post-date\">\n\t\t\t30 de enero de 2024\t\t<\/span>\n\t\t\t\t<span class=\"elementor-post-avatar\">\n\t\t\tNo hay comentarios\t\t<\/span>\n\t\t\t\t<\/div>\n\t\t\t\t\t<\/div>\n\t\t<\/article>\n\t\t\t\t<article class=\"elementor-post elementor-grid-item post-1120 post type-post status-publish format-standard has-post-thumbnail hentry category-noticias\">\n\t\t\t<div class=\"elementor-post__card\">\n\t\t\t\t<a class=\"elementor-post__thumbnail__link\" href=\"http:\/\/www.jmssporthorses.es\/?p=1120\" ><div class=\"elementor-post__thumbnail\"><img decoding=\"async\" width=\"300\" height=\"173\" src=\"http:\/\/www.jmssporthorses.es\/wp-content\/uploads\/2024\/01\/slider_7-300x173.png\" class=\"attachment-medium size-medium wp-image-1072\" alt=\"\" srcset=\"http:\/\/www.jmssporthorses.es\/wp-content\/uploads\/2024\/01\/slider_7-300x173.png 300w, http:\/\/www.jmssporthorses.es\/wp-content\/uploads\/2024\/01\/slider_7-1024x590.png 1024w, http:\/\/www.jmssporthorses.es\/wp-content\/uploads\/2024\/01\/slider_7-768x442.png 768w, http:\/\/www.jmssporthorses.es\/wp-content\/uploads\/2024\/01\/slider_7-1536x885.png 1536w, http:\/\/www.jmssporthorses.es\/wp-content\/uploads\/2024\/01\/slider_7-2048x1180.png 2048w\" sizes=\"(max-width: 300px) 100vw, 300px\" \/><\/div><\/a>\n\t\t\t\t<div class=\"elementor-post__text\">\n\t\t\t\t<h3 class=\"elementor-post__title\">\n\t\t\t<a href=\"http:\/\/www.jmssporthorses.es\/?p=1120\" >\n\t\t\t\tEvento de Salto de Obst\u00e1culos Atrae a Multitudes Locales\t\t\t<\/a>\n\t\t<\/h3>\n\t\t\t\t<div class=\"elementor-post__excerpt\">\n\t\t\t<p>En el fin de semana, un emocionante evento de salto de obst\u00e1culos atrajo a una multitud entusiasta de espectadores locales. Jinetes h\u00e1biles y sus caballos demostraron sus destrezas en la competencia, generando un ambiente vibrante y emocionante.<\/p>\n\t\t<\/div>\n\t\t\t\t<\/div>\n\t\t\t\t<div class=\"elementor-post__meta-data\">\n\t\t\t\t\t<span class=\"elementor-post-date\">\n\t\t\t30 de enero de 2024\t\t<\/span>\n\t\t\t\t<span class=\"elementor-post-avatar\">\n\t\t\tNo hay comentarios\t\t<\/span>\n\t\t\t\t<\/div>\n\t\t\t\t\t<\/div>\n\t\t<\/article>\n\t\t\t\t<article class=\"elementor-post elementor-grid-item post-1 post type-post status-publish format-standard has-post-thumbnail hentry category-noticias\">\n\t\t\t<div class=\"elementor-post__card\">\n\t\t\t\t<a class=\"elementor-post__thumbnail__link\" href=\"http:\/\/www.jmssporthorses.es\/?p=1\" ><div class=\"elementor-post__thumbnail\"><img loading=\"lazy\" decoding=\"async\" width=\"300\" height=\"199\" src=\"http:\/\/www.jmssporthorses.es\/wp-content\/uploads\/2024\/01\/horse-6664660_1920-300x199.jpg\" class=\"attachment-medium size-medium wp-image-1076\" alt=\"\" srcset=\"http:\/\/www.jmssporthorses.es\/wp-content\/uploads\/2024\/01\/horse-6664660_1920-300x199.jpg 300w, http:\/\/www.jmssporthorses.es\/wp-content\/uploads\/2024\/01\/horse-6664660_1920-1024x681.jpg 1024w, http:\/\/www.jmssporthorses.es\/wp-content\/uploads\/2024\/01\/horse-6664660_1920-768x510.jpg 768w, http:\/\/www.jmssporthorses.es\/wp-content\/uploads\/2024\/01\/horse-6664660_1920-1536x1021.jpg 1536w, http:\/\/www.jmssporthorses.es\/wp-content\/uploads\/2024\/01\/horse-6664660_1920.jpg 1920w\" sizes=\"(max-width: 300px) 100vw, 300px\" \/><\/div><\/a>\n\t\t\t\t<div class=\"elementor-post__text\">\n\t\t\t\t<h3 class=\"elementor-post__title\">\n\t\t\t<a href=\"http:\/\/www.jmssporthorses.es\/?p=1\" >\n\t\t\t\tNueva Escuela de Equitaci\u00f3n Abre sus Puertas en la Ciudad\t\t\t<\/a>\n\t\t<\/h3>\n\t\t\t\t<div class=\"elementor-post__excerpt\">\n\t\t\t<p>Te damos la bienvenidaHoy se inaugur\u00f3 una moderna escuela de equitaci\u00f3n en el centro de la ciudad, ofreciendo a jinetes de todos los niveles la oportunidad de mejorar sus habilidades y conectar con los caballos en un entorno profesional y amigable. a WordPress. Esta es tu primera entrada. Ed\u00edtala o b\u00f3rrala, \u00a1luego empieza a escribir!<\/p>\n\t\t<\/div>\n\t\t\t\t<\/div>\n\t\t\t\t<div class=\"elementor-post__meta-data\">\n\t\t\t\t\t<span class=\"elementor-post-date\">\n\t\t\t29 de enero de 2024\t\t<\/span>\n\t\t\t\t<span class=\"elementor-post-avatar\">\n\t\t\tNo hay comentarios\t\t<\/span>\n\t\t\t\t<\/div>\n\t\t\t\t\t<\/div>\n\t\t<\/article>\n\t\t\t\t<\/div>\n\n\n\t\t\n\t\t\t\t\t\t<\/div>\n\t\t\t\t<\/div>\n\t\t\t\t\t<\/div>\n\t\t\t\t<\/div>\n\t\t\t\t<\/div>\n\t\t","protected":false},"excerpt":{"rendered":"<p>Galopa con la actualidad equina: Noticias hipicas que te llevan directo a la pista del conocimiento.<\/p>\n","protected":false},"author":1,"featured_media":0,"parent":0,"menu_order":0,"comment_status":"closed","ping_status":"closed","template":"","meta":{"_acf_changed":false,"site-sidebar-layout":"no-sidebar","site-content-layout":"page-builder","ast-site-content-layout":"full-width-container","site-content-style":"default","site-sidebar-style":"default","ast-global-header-display":"","ast-banner-title-visibility":"","ast-main-header-display":"","ast-hfb-above-header-display":"","ast-hfb-below-header-display":"","ast-hfb-mobile-header-display":"","site-post-title":"disabled","ast-breadcrumbs-content":"","ast-featured-img":"disabled","footer-sml-layout":"","theme-transparent-header-meta":"","adv-header-id-meta":"","stick-header-meta":"","header-above-stick-meta":"","header-main-stick-meta":"","header-below-stick-meta":"","astra-migrate-meta-layouts":"set","ast-page-background-enabled":"default","ast-page-background-meta":{"desktop":{"background-color":"","background-image":"","background-repeat":"repeat","background-position":"center center","background-size":"auto","background-attachment":"scroll","background-type":"","background-media":"","overlay-type":"","overlay-color":"","overlay-opacity":"","overlay-gradient":""},"tablet":{"background-color":"","background-image":"","background-repeat":"repeat","background-position":"center center","background-size":"auto","background-attachment":"scroll","background-type":"","background-media":"","overlay-type":"","overlay-color":"","overlay-opacity":"","overlay-gradient":""},"mobile":{"background-color":"","background-image":"","background-repeat":"repeat","background-position":"center center","background-size":"auto","background-attachment":"scroll","background-type":"","background-media":"","overlay-type":"","overlay-color":"","overlay-opacity":"","overlay-gradient":""}},"ast-content-background-meta":{"desktop":{"background-color":"var(--ast-global-color-5)","background-image":"","background-repeat":"repeat","background-position":"center center","background-size":"auto","background-attachment":"scroll","background-type":"","background-media":"","overlay-type":"","overlay-color":"","overlay-opacity":"","overlay-gradient":""},"tablet":{"background-color":"var(--ast-global-color-5)","background-image":"","background-repeat":"repeat","background-position":"center center","background-size":"auto","background-attachment":"scroll","background-type":"","background-media":"","overlay-type":"","overlay-color":"","overlay-opacity":"","overlay-gradient":""},"mobile":{"background-color":"var(--ast-global-color-5)","background-image":"","background-repeat":"repeat","background-position":"center center","background-size":"auto","background-attachment":"scroll","background-type":"","background-media":"","overlay-type":"","overlay-color":"","overlay-opacity":"","overlay-gradient":""}},"footnotes":""},"class_list":["post-1055","page","type-page","status-publish","hentry"],"acf":[],"_links":{"self":[{"href":"http:\/\/www.jmssporthorses.es\/index.php?rest_route=\/wp\/v2\/pages\/1055","targetHints":{"allow":["GET"]}}],"collection":[{"href":"http:\/\/www.jmssporthorses.es\/index.php?rest_route=\/wp\/v2\/pages"}],"about":[{"href":"http:\/\/www.jmssporthorses.es\/index.php?rest_route=\/wp\/v2\/types\/page"}],"author":[{"embeddable":true,"href":"http:\/\/www.jmssporthorses.es\/index.php?rest_route=\/wp\/v2\/users\/1"}],"replies":[{"embeddable":true,"href":"http:\/\/www.jmssporthorses.es\/index.php?rest_route=%2Fwp%2Fv2%2Fcomments&post=1055"}],"version-history":[{"count":26,"href":"http:\/\/www.jmssporthorses.es\/index.php?rest_route=\/wp\/v2\/pages\/1055\/revisions"}],"predecessor-version":[{"id":1312,"href":"http:\/\/www.jmssporthorses.es\/index.php?rest_route=\/wp\/v2\/pages\/1055\/revisions\/1312"}],"wp:attachment":[{"href":"http:\/\/www.jmssporthorses.es\/index.php?rest_route=%2Fwp%2Fv2%2Fmedia&parent=1055"}],"curies":[{"name":"wp","href":"https:\/\/api.w.org\/{rel}","templated":true}]}}