{"id":1049,"date":"2024-01-29T23:21:36","date_gmt":"2024-01-29T22:21:36","guid":{"rendered":"http:\/\/192.168.3.125\/WEB_JMSOLER\/?page_id=1049"},"modified":"2024-04-02T22:57:52","modified_gmt":"2024-04-02T20:57:52","slug":"caballos","status":"publish","type":"page","link":"http:\/\/www.jmssporthorses.es\/?page_id=1049","title":{"rendered":"Caballos"},"content":{"rendered":"\t\t<div data-elementor-type=\"wp-page\" data-elementor-id=\"1049\" class=\"elementor elementor-1049\">\n\t\t\t\t<div class=\"elementor-element elementor-element-3f740578 e-flex e-con-boxed e-con e-parent\" data-id=\"3f740578\" data-element_type=\"container\" data-settings=\"{&quot;background_background&quot;:&quot;classic&quot;}\">\n\t\t\t\t\t<div class=\"e-con-inner\">\n\t\t<div class=\"elementor-element elementor-element-73f527a3 e-con-full e-flex e-con e-child\" data-id=\"73f527a3\" data-element_type=\"container\">\n\t\t<div class=\"elementor-element elementor-element-2c68edce e-con-full e-flex e-con e-child\" data-id=\"2c68edce\" data-element_type=\"container\">\n\t\t<div class=\"elementor-element elementor-element-756b991 e-con-full e-flex e-con e-child\" data-id=\"756b991\" data-element_type=\"container\">\n\t\t\t\t<\/div>\n\t\t\t\t<\/div>\n\t\t<div class=\"elementor-element elementor-element-40f28265 e-con-full e-flex e-con e-child\" data-id=\"40f28265\" data-element_type=\"container\">\n\t\t<div class=\"elementor-element elementor-element-6163df45 e-con-full e-flex e-con e-child\" data-id=\"6163df45\" data-element_type=\"container\">\n\t\t\t\t<div class=\"elementor-element elementor-element-324a32db elementor-widget__width-initial elementor-widget elementor-widget-heading\" data-id=\"324a32db\" data-element_type=\"widget\" data-widget_type=\"heading.default\">\n\t\t\t\t<div class=\"elementor-widget-container\">\n\t\t\t\t\t<h3 class=\"elementor-heading-title elementor-size-default\">Descubre la fuerza, la elegancia y la conexi\u00f3n emocional que define a nuestros inigualables caballos.<\/h3>\t\t\t\t<\/div>\n\t\t\t\t<\/div>\n\t\t\t\t<\/div>\n\t\t\t\t<\/div>\n\t\t\t\t<\/div>\n\t\t\t\t\t<\/div>\n\t\t\t\t<\/div>\n\t\t\t\t<section class=\"elementor-section elementor-top-section elementor-element elementor-element-nh5gu6g elementor-section-boxed elementor-section-height-default elementor-section-height-default\" data-id=\"nh5gu6g\" data-element_type=\"section\" data-settings=\"{&quot;background_background&quot;:&quot;classic&quot;}\">\n\t\t\t\t\t\t<div class=\"elementor-container elementor-column-gap-no\">\n\t\t\t\t\t<div class=\"elementor-column elementor-col-100 elementor-top-column elementor-element elementor-element-c3b4893\" data-id=\"c3b4893\" data-element_type=\"column\">\n\t\t\t<div class=\"elementor-widget-wrap elementor-element-populated\">\n\t\t\t\t\t\t<section class=\"elementor-section elementor-inner-section elementor-element elementor-element-5b54fb7 elementor-section-boxed elementor-section-height-default elementor-section-height-default\" data-id=\"5b54fb7\" data-element_type=\"section\">\n\t\t\t\t\t\t<div class=\"elementor-container elementor-column-gap-no\">\n\t\t\t\t\t<div class=\"elementor-column elementor-col-100 elementor-inner-column elementor-element elementor-element-2823cb6\" data-id=\"2823cb6\" data-element_type=\"column\">\n\t\t\t<div class=\"elementor-widget-wrap elementor-element-populated\">\n\t\t\t\t\t\t<div class=\"elementor-element elementor-element-ac7455b elementor-widget elementor-widget-heading\" data-id=\"ac7455b\" data-element_type=\"widget\" data-widget_type=\"heading.default\">\n\t\t\t\t<div class=\"elementor-widget-container\">\n\t\t\t\t\t<h2 class=\"elementor-heading-title elementor-size-default\">Sumergidos en el afecto y el respeto hacia los caballos<\/h2>\t\t\t\t<\/div>\n\t\t\t\t<\/div>\n\t\t\t\t<div class=\"elementor-element elementor-element-f2bec8e elementor-widget__width-initial elementor-widget elementor-widget-text-editor\" data-id=\"f2bec8e\" data-element_type=\"widget\" data-widget_type=\"text-editor.default\">\n\t\t\t\t<div class=\"elementor-widget-container\">\n\t\t\t\t\t\t\t\t\t<p>Hemos asimilado su esencia, explorando su modo de comunicarse y relacionarse entre s\u00ed. Esta comprensi\u00f3n nos capacita para establecer conexiones m\u00e1s profundas y aut\u00e9nticas con estos majestuosos seres. Contamos con una variedad de caballos para todos los jinetes, ya sean experimentados o reci\u00e9n iniciados, dispuestos a acompa\u00f1arte en rutas extensas o breves. Son la fascinaci\u00f3n tanto de los m\u00e1s peque\u00f1os como de los adultos, brind\u00e1ndote la oportunidad de disfrutar y maravillarte en el apasionante universo de la equitaci\u00f3n.<\/p>\t\t\t\t\t\t\t\t<\/div>\n\t\t\t\t<\/div>\n\t\t\t\t\t<\/div>\n\t\t<\/div>\n\t\t\t\t\t<\/div>\n\t\t<\/section>\n\t\t\t\t\t<\/div>\n\t\t<\/div>\n\t\t\t\t\t<\/div>\n\t\t<\/section>\n\t\t\t\t<section class=\"elementor-section elementor-top-section elementor-element elementor-element-13405ea elementor-section-boxed elementor-section-height-default elementor-section-height-default\" data-id=\"13405ea\" data-element_type=\"section\" data-settings=\"{&quot;background_background&quot;:&quot;classic&quot;}\">\n\t\t\t\t\t\t<div class=\"elementor-container elementor-column-gap-no\">\n\t\t\t\t\t<div class=\"elementor-column elementor-col-100 elementor-top-column elementor-element elementor-element-0d1e51b\" data-id=\"0d1e51b\" data-element_type=\"column\">\n\t\t\t<div class=\"elementor-widget-wrap elementor-element-populated\">\n\t\t\t\t\t\t<div class=\"elementor-element elementor-element-8e0fa8d elementor-posts--align-center elementor-grid-3 elementor-grid-tablet-2 elementor-grid-mobile-1 elementor-posts--thumbnail-top elementor-widget elementor-widget-posts\" data-id=\"8e0fa8d\" data-element_type=\"widget\" data-settings=\"{&quot;classic_row_gap&quot;:{&quot;unit&quot;:&quot;px&quot;,&quot;size&quot;:30,&quot;sizes&quot;:[]},&quot;pagination_type&quot;:&quot;numbers&quot;,&quot;classic_columns&quot;:&quot;3&quot;,&quot;classic_columns_tablet&quot;:&quot;2&quot;,&quot;classic_columns_mobile&quot;:&quot;1&quot;,&quot;classic_row_gap_tablet&quot;:{&quot;unit&quot;:&quot;px&quot;,&quot;size&quot;:&quot;&quot;,&quot;sizes&quot;:[]},&quot;classic_row_gap_mobile&quot;:{&quot;unit&quot;:&quot;px&quot;,&quot;size&quot;:&quot;&quot;,&quot;sizes&quot;:[]}}\" data-widget_type=\"posts.classic\">\n\t\t\t\t<div class=\"elementor-widget-container\">\n\t\t\t\t\t\t\t<div class=\"elementor-posts-container elementor-posts elementor-posts--skin-classic elementor-grid\">\n\t\t\t\t<article class=\"elementor-post elementor-grid-item post-1574 post type-post status-publish format-standard has-post-thumbnail hentry category-caballos\">\n\t\t\t\t<a class=\"elementor-post__thumbnail__link\" href=\"http:\/\/www.jmssporthorses.es\/?p=1574\" >\n\t\t\t<div class=\"elementor-post__thumbnail\"><img fetchpriority=\"high\" decoding=\"async\" width=\"512\" height=\"384\" src=\"http:\/\/www.jmssporthorses.es\/wp-content\/uploads\/2024\/04\/unnamed.jpg\" class=\"attachment-medium_large size-medium_large wp-image-1575\" alt=\"\" srcset=\"http:\/\/www.jmssporthorses.es\/wp-content\/uploads\/2024\/04\/unnamed.jpg 512w, http:\/\/www.jmssporthorses.es\/wp-content\/uploads\/2024\/04\/unnamed-300x225.jpg 300w\" sizes=\"(max-width: 512px) 100vw, 512px\" \/><\/div>\n\t\t<\/a>\n\t\t\t\t<div class=\"elementor-post__text\">\n\t\t\t\t<h3 class=\"elementor-post__title\">\n\t\t\t<a href=\"http:\/\/www.jmssporthorses.es\/?p=1574\" >\n\t\t\t\tBUBA DE MONTEMEAO\t\t\t<\/a>\n\t\t<\/h3>\n\t\t\t\t<div class=\"elementor-post__excerpt\">\n\t\t\t\t\t<\/div>\n\t\t\t\t<\/div>\n\t\t\t\t<\/article>\n\t\t\t\t<article class=\"elementor-post elementor-grid-item post-1454 post type-post status-publish format-standard has-post-thumbnail hentry category-caballos\">\n\t\t\t\t<a class=\"elementor-post__thumbnail__link\" href=\"http:\/\/www.jmssporthorses.es\/?p=1454\" >\n\t\t\t<div class=\"elementor-post__thumbnail\"><img decoding=\"async\" width=\"676\" height=\"699\" src=\"http:\/\/www.jmssporthorses.es\/wp-content\/uploads\/2024\/03\/profile_6.jpg\" class=\"attachment-medium_large size-medium_large wp-image-1490\" alt=\"\" srcset=\"http:\/\/www.jmssporthorses.es\/wp-content\/uploads\/2024\/03\/profile_6.jpg 676w, http:\/\/www.jmssporthorses.es\/wp-content\/uploads\/2024\/03\/profile_6-290x300.jpg 290w\" sizes=\"(max-width: 676px) 100vw, 676px\" \/><\/div>\n\t\t<\/a>\n\t\t\t\t<div class=\"elementor-post__text\">\n\t\t\t\t<h3 class=\"elementor-post__title\">\n\t\t\t<a href=\"http:\/\/www.jmssporthorses.es\/?p=1454\" >\n\t\t\t\tDORADA BT4\t\t\t<\/a>\n\t\t<\/h3>\n\t\t\t\t<div class=\"elementor-post__excerpt\">\n\t\t\t\t\t<\/div>\n\t\t\t\t<\/div>\n\t\t\t\t<\/article>\n\t\t\t\t<article class=\"elementor-post elementor-grid-item post-1200 post type-post status-publish format-standard has-post-thumbnail hentry category-caballos\">\n\t\t\t\t<a class=\"elementor-post__thumbnail__link\" href=\"http:\/\/www.jmssporthorses.es\/?p=1200\" >\n\t\t\t<div class=\"elementor-post__thumbnail\"><img decoding=\"async\" width=\"768\" height=\"507\" src=\"http:\/\/www.jmssporthorses.es\/wp-content\/uploads\/2024\/01\/profile_5-768x507.jpg\" class=\"attachment-medium_large size-medium_large wp-image-1201\" alt=\"\" srcset=\"http:\/\/www.jmssporthorses.es\/wp-content\/uploads\/2024\/01\/profile_5-768x507.jpg 768w, http:\/\/www.jmssporthorses.es\/wp-content\/uploads\/2024\/01\/profile_5-300x198.jpg 300w, http:\/\/www.jmssporthorses.es\/wp-content\/uploads\/2024\/01\/profile_5-1024x676.jpg 1024w, http:\/\/www.jmssporthorses.es\/wp-content\/uploads\/2024\/01\/profile_5-1536x1014.jpg 1536w, http:\/\/www.jmssporthorses.es\/wp-content\/uploads\/2024\/01\/profile_5.jpg 1600w\" sizes=\"(max-width: 768px) 100vw, 768px\" \/><\/div>\n\t\t<\/a>\n\t\t\t\t<div class=\"elementor-post__text\">\n\t\t\t\t<h3 class=\"elementor-post__title\">\n\t\t\t<a href=\"http:\/\/www.jmssporthorses.es\/?p=1200\" >\n\t\t\t\tCOMME M\u00f6ET Z\t\t\t<\/a>\n\t\t<\/h3>\n\t\t\t\t<div class=\"elementor-post__excerpt\">\n\t\t\t\t\t<\/div>\n\t\t\t\t<\/div>\n\t\t\t\t<\/article>\n\t\t\t\t<article class=\"elementor-post elementor-grid-item post-1196 post type-post status-publish format-standard has-post-thumbnail hentry category-caballos\">\n\t\t\t\t<a class=\"elementor-post__thumbnail__link\" href=\"http:\/\/www.jmssporthorses.es\/?p=1196\" >\n\t\t\t<div class=\"elementor-post__thumbnail\"><img loading=\"lazy\" decoding=\"async\" width=\"768\" height=\"659\" src=\"http:\/\/www.jmssporthorses.es\/wp-content\/uploads\/2024\/01\/profile_3-768x659.png\" class=\"attachment-medium_large size-medium_large wp-image-1197\" alt=\"\" srcset=\"http:\/\/www.jmssporthorses.es\/wp-content\/uploads\/2024\/01\/profile_3-768x659.png 768w, http:\/\/www.jmssporthorses.es\/wp-content\/uploads\/2024\/01\/profile_3-300x257.png 300w, http:\/\/www.jmssporthorses.es\/wp-content\/uploads\/2024\/01\/profile_3.png 996w\" sizes=\"(max-width: 768px) 100vw, 768px\" \/><\/div>\n\t\t<\/a>\n\t\t\t\t<div class=\"elementor-post__text\">\n\t\t\t\t<h3 class=\"elementor-post__title\">\n\t\t\t<a href=\"http:\/\/www.jmssporthorses.es\/?p=1196\" >\n\t\t\t\tDo\u00f1A PEPA\t\t\t<\/a>\n\t\t<\/h3>\n\t\t\t\t<div class=\"elementor-post__excerpt\">\n\t\t\t\t\t<\/div>\n\t\t\t\t<\/div>\n\t\t\t\t<\/article>\n\t\t\t\t<article class=\"elementor-post elementor-grid-item post-1193 post type-post status-publish format-standard has-post-thumbnail hentry category-caballos\">\n\t\t\t\t<a class=\"elementor-post__thumbnail__link\" href=\"http:\/\/www.jmssporthorses.es\/?p=1193\" >\n\t\t\t<div class=\"elementor-post__thumbnail\"><img loading=\"lazy\" decoding=\"async\" width=\"768\" height=\"512\" src=\"http:\/\/www.jmssporthorses.es\/wp-content\/uploads\/2024\/01\/profile_2-768x512.jpg\" class=\"attachment-medium_large size-medium_large wp-image-1194\" alt=\"\" srcset=\"http:\/\/www.jmssporthorses.es\/wp-content\/uploads\/2024\/01\/profile_2-768x512.jpg 768w, http:\/\/www.jmssporthorses.es\/wp-content\/uploads\/2024\/01\/profile_2-300x200.jpg 300w, http:\/\/www.jmssporthorses.es\/wp-content\/uploads\/2024\/01\/profile_2-1024x683.jpg 1024w, http:\/\/www.jmssporthorses.es\/wp-content\/uploads\/2024\/01\/profile_2-1536x1024.jpg 1536w, http:\/\/www.jmssporthorses.es\/wp-content\/uploads\/2024\/01\/profile_2.jpg 1600w\" sizes=\"(max-width: 768px) 100vw, 768px\" \/><\/div>\n\t\t<\/a>\n\t\t\t\t<div class=\"elementor-post__text\">\n\t\t\t\t<h3 class=\"elementor-post__title\">\n\t\t\t<a href=\"http:\/\/www.jmssporthorses.es\/?p=1193\" >\n\t\t\t\tINCA DEL PUERTO\t\t\t<\/a>\n\t\t<\/h3>\n\t\t\t\t<div class=\"elementor-post__excerpt\">\n\t\t\t\t\t<\/div>\n\t\t\t\t<\/div>\n\t\t\t\t<\/article>\n\t\t\t\t<article class=\"elementor-post elementor-grid-item post-1190 post type-post status-publish format-standard has-post-thumbnail hentry category-caballos\">\n\t\t\t\t<a class=\"elementor-post__thumbnail__link\" href=\"http:\/\/www.jmssporthorses.es\/?p=1190\" >\n\t\t\t<div class=\"elementor-post__thumbnail\"><img loading=\"lazy\" decoding=\"async\" width=\"768\" height=\"977\" src=\"http:\/\/www.jmssporthorses.es\/wp-content\/uploads\/2024\/01\/profile_1-768x977.jpg\" class=\"attachment-medium_large size-medium_large wp-image-1191\" alt=\"\" srcset=\"http:\/\/www.jmssporthorses.es\/wp-content\/uploads\/2024\/01\/profile_1-768x977.jpg 768w, http:\/\/www.jmssporthorses.es\/wp-content\/uploads\/2024\/01\/profile_1-236x300.jpg 236w, http:\/\/www.jmssporthorses.es\/wp-content\/uploads\/2024\/01\/profile_1-805x1024.jpg 805w, http:\/\/www.jmssporthorses.es\/wp-content\/uploads\/2024\/01\/profile_1.jpg 860w\" sizes=\"(max-width: 768px) 100vw, 768px\" \/><\/div>\n\t\t<\/a>\n\t\t\t\t<div class=\"elementor-post__text\">\n\t\t\t\t<h3 class=\"elementor-post__title\">\n\t\t\t<a href=\"http:\/\/www.jmssporthorses.es\/?p=1190\" >\n\t\t\t\tQUERRO DE GANEX\t\t\t<\/a>\n\t\t<\/h3>\n\t\t\t\t<div class=\"elementor-post__excerpt\">\n\t\t\t\t\t<\/div>\n\t\t\t\t<\/div>\n\t\t\t\t<\/article>\n\t\t\t\t<\/div>\n\n\n\t\t\n\t\t\t\t\t\t<\/div>\n\t\t\t\t<\/div>\n\t\t\t\t\t<\/div>\n\t\t<\/div>\n\t\t\t\t\t<\/div>\n\t\t<\/section>\n\t\t<div class=\"elementor-element elementor-element-71cae2a8 e-flex e-con-boxed e-con e-parent\" data-id=\"71cae2a8\" data-element_type=\"container\" data-settings=\"{&quot;background_background&quot;:&quot;classic&quot;}\">\n\t\t\t\t\t<div class=\"e-con-inner\">\n\t\t<div class=\"elementor-element elementor-element-48fb8ef e-con-full e-flex e-con e-child\" data-id=\"48fb8ef\" data-element_type=\"container\">\n\t\t<div class=\"elementor-element elementor-element-710ec19d e-con-full e-flex e-con e-child\" data-id=\"710ec19d\" data-element_type=\"container\">\n\t\t<div class=\"elementor-element elementor-element-7f4fe4ad e-con-full e-flex e-con e-child\" data-id=\"7f4fe4ad\" data-element_type=\"container\">\n\t\t\t\t<div class=\"elementor-element elementor-element-7d170197 elementor-widget elementor-widget-heading\" data-id=\"7d170197\" data-element_type=\"widget\" data-widget_type=\"heading.default\">\n\t\t\t\t<div class=\"elementor-widget-container\">\n\t\t\t\t\t<h2 class=\"elementor-heading-title elementor-size-default\">Don't be shy, aenean sollicitudin, lorem quis bibendum auctor.<\/h2>\t\t\t\t<\/div>\n\t\t\t\t<\/div>\n\t\t\t\t<\/div>\n\t\t\t\t<\/div>\n\t\t\t\t<\/div>\n\t\t\t\t\t<\/div>\n\t\t\t\t<\/div>\n\t\t\t\t<\/div>\n\t\t","protected":false},"excerpt":{"rendered":"<p>Descubre la fuerza, la elegancia y la conexi\u00f3n emocional que define a nuestros inigualables caballos. Sumergidos en el afecto y el respeto hacia los caballos Hemos asimilado su esencia, explorando su modo de comunicarse y relacionarse entre s\u00ed. Esta comprensi\u00f3n nos capacita para establecer conexiones m\u00e1s profundas y aut\u00e9nticas con estos majestuosos seres. Contamos con [&hellip;]<\/p>\n","protected":false},"author":1,"featured_media":0,"parent":0,"menu_order":0,"comment_status":"closed","ping_status":"closed","template":"","meta":{"_acf_changed":false,"site-sidebar-layout":"no-sidebar","site-content-layout":"page-builder","ast-site-content-layout":"full-width-container","site-content-style":"default","site-sidebar-style":"default","ast-global-header-display":"","ast-banner-title-visibility":"","ast-main-header-display":"","ast-hfb-above-header-display":"","ast-hfb-below-header-display":"","ast-hfb-mobile-header-display":"","site-post-title":"disabled","ast-breadcrumbs-content":"","ast-featured-img":"disabled","footer-sml-layout":"","theme-transparent-header-meta":"","adv-header-id-meta":"","stick-header-meta":"","header-above-stick-meta":"","header-main-stick-meta":"","header-below-stick-meta":"","astra-migrate-meta-layouts":"set","ast-page-background-enabled":"default","ast-page-background-meta":{"desktop":{"background-color":"","background-image":"","background-repeat":"repeat","background-position":"center center","background-size":"auto","background-attachment":"scroll","background-type":"","background-media":"","overlay-type":"","overlay-color":"","overlay-opacity":"","overlay-gradient":""},"tablet":{"background-color":"","background-image":"","background-repeat":"repeat","background-position":"center center","background-size":"auto","background-attachment":"scroll","background-type":"","background-media":"","overlay-type":"","overlay-color":"","overlay-opacity":"","overlay-gradient":""},"mobile":{"background-color":"","background-image":"","background-repeat":"repeat","background-position":"center center","background-size":"auto","background-attachment":"scroll","background-type":"","background-media":"","overlay-type":"","overlay-color":"","overlay-opacity":"","overlay-gradient":""}},"ast-content-background-meta":{"desktop":{"background-color":"var(--ast-global-color-5)","background-image":"","background-repeat":"repeat","background-position":"center center","background-size":"auto","background-attachment":"scroll","background-type":"","background-media":"","overlay-type":"","overlay-color":"","overlay-opacity":"","overlay-gradient":""},"tablet":{"background-color":"var(--ast-global-color-5)","background-image":"","background-repeat":"repeat","background-position":"center center","background-size":"auto","background-attachment":"scroll","background-type":"","background-media":"","overlay-type":"","overlay-color":"","overlay-opacity":"","overlay-gradient":""},"mobile":{"background-color":"var(--ast-global-color-5)","background-image":"","background-repeat":"repeat","background-position":"center center","background-size":"auto","background-attachment":"scroll","background-type":"","background-media":"","overlay-type":"","overlay-color":"","overlay-opacity":"","overlay-gradient":""}},"footnotes":""},"class_list":["post-1049","page","type-page","status-publish","hentry"],"acf":[],"_links":{"self":[{"href":"http:\/\/www.jmssporthorses.es\/index.php?rest_route=\/wp\/v2\/pages\/1049","targetHints":{"allow":["GET"]}}],"collection":[{"href":"http:\/\/www.jmssporthorses.es\/index.php?rest_route=\/wp\/v2\/pages"}],"about":[{"href":"http:\/\/www.jmssporthorses.es\/index.php?rest_route=\/wp\/v2\/types\/page"}],"author":[{"embeddable":true,"href":"http:\/\/www.jmssporthorses.es\/index.php?rest_route=\/wp\/v2\/users\/1"}],"replies":[{"embeddable":true,"href":"http:\/\/www.jmssporthorses.es\/index.php?rest_route=%2Fwp%2Fv2%2Fcomments&post=1049"}],"version-history":[{"count":43,"href":"http:\/\/www.jmssporthorses.es\/index.php?rest_route=\/wp\/v2\/pages\/1049\/revisions"}],"predecessor-version":[{"id":1562,"href":"http:\/\/www.jmssporthorses.es\/index.php?rest_route=\/wp\/v2\/pages\/1049\/revisions\/1562"}],"wp:attachment":[{"href":"http:\/\/www.jmssporthorses.es\/index.php?rest_route=%2Fwp%2Fv2%2Fmedia&parent=1049"}],"curies":[{"name":"wp","href":"https:\/\/api.w.org\/{rel}","templated":true}]}}