{"id":1047,"date":"2024-01-29T23:19:51","date_gmt":"2024-01-29T22:19:51","guid":{"rendered":"http:\/\/192.168.3.125\/WEB_JMSOLER\/?page_id=1047"},"modified":"2024-04-05T23:56:42","modified_gmt":"2024-04-05T21:56:42","slug":"acerca-de","status":"publish","type":"page","link":"http:\/\/www.jmssporthorses.es\/?page_id=1047","title":{"rendered":"Acerca de"},"content":{"rendered":"\t\t<div data-elementor-type=\"wp-page\" data-elementor-id=\"1047\" class=\"elementor elementor-1047\">\n\t\t\t\t<div class=\"elementor-element elementor-element-4ac526fd e-flex e-con-boxed e-con e-parent\" data-id=\"4ac526fd\" data-element_type=\"container\" data-settings=\"{&quot;background_background&quot;:&quot;classic&quot;}\">\n\t\t\t\t\t<div class=\"e-con-inner\">\n\t\t<div class=\"elementor-element elementor-element-6081efcd e-con-full e-flex e-con e-child\" data-id=\"6081efcd\" data-element_type=\"container\">\n\t\t<div class=\"elementor-element elementor-element-6b8abd0b e-con-full e-flex e-con e-child\" data-id=\"6b8abd0b\" data-element_type=\"container\">\n\t\t<div class=\"elementor-element elementor-element-200b64eb e-con-full e-flex e-con e-child\" data-id=\"200b64eb\" data-element_type=\"container\">\n\t\t\t\t<div class=\"elementor-element elementor-element-2e6d3bb9 elementor-widget elementor-widget-heading\" data-id=\"2e6d3bb9\" data-element_type=\"widget\" data-widget_type=\"heading.default\">\n\t\t\t\t<div class=\"elementor-widget-container\">\n\t\t\t\t\t<h1 class=\"elementor-heading-title elementor-size-default\">Sobre m\u00ed<\/h1>\t\t\t\t<\/div>\n\t\t\t\t<\/div>\n\t\t\t\t<\/div>\n\t\t\t\t<\/div>\n\t\t<div class=\"elementor-element elementor-element-2d71ffcd e-con-full e-flex e-con e-child\" data-id=\"2d71ffcd\" data-element_type=\"container\">\n\t\t<div class=\"elementor-element elementor-element-441db7b7 e-con-full e-flex e-con e-child\" data-id=\"441db7b7\" data-element_type=\"container\">\n\t\t\t\t<div class=\"elementor-element elementor-element-201b7be elementor-widget__width-initial elementor-widget elementor-widget-heading\" data-id=\"201b7be\" data-element_type=\"widget\" data-widget_type=\"heading.default\">\n\t\t\t\t<div class=\"elementor-widget-container\">\n\t\t\t\t\t<h3 class=\"elementor-heading-title elementor-size-default\">El verdadero logro no es solo cruzar la l\u00ednea de meta, sino el viaje transformador que te lleva all\u00ed. \u00a1Persiste y conquista tus propias metas!<\/h3>\t\t\t\t<\/div>\n\t\t\t\t<\/div>\n\t\t\t\t<\/div>\n\t\t\t\t<\/div>\n\t\t\t\t<\/div>\n\t\t\t\t\t<\/div>\n\t\t\t\t<\/div>\n\t\t<div class=\"elementor-element elementor-element-16830a9c e-flex e-con-boxed e-con e-parent\" data-id=\"16830a9c\" data-element_type=\"container\" data-settings=\"{&quot;background_background&quot;:&quot;classic&quot;}\">\n\t\t\t\t\t<div class=\"e-con-inner\">\n\t\t<div class=\"elementor-element elementor-element-3fc8fefd e-con-full e-flex e-con e-child\" data-id=\"3fc8fefd\" data-element_type=\"container\">\n\t\t<div class=\"elementor-element elementor-element-4362332e e-con-full e-flex e-con e-child\" data-id=\"4362332e\" data-element_type=\"container\">\n\t\t<div class=\"elementor-element elementor-element-1d45c10 e-con-full e-flex e-con e-child\" data-id=\"1d45c10\" data-element_type=\"container\">\n\t\t\t\t<div class=\"elementor-element elementor-element-4ef23c1f elementor-widget elementor-widget-heading\" data-id=\"4ef23c1f\" data-element_type=\"widget\" data-widget_type=\"heading.default\">\n\t\t\t\t<div class=\"elementor-widget-container\">\n\t\t\t\t\t<h2 class=\"elementor-heading-title elementor-size-default\">Acerca de m\u00ed<\/h2>\t\t\t\t<\/div>\n\t\t\t\t<\/div>\n\t\t\t\t<div class=\"elementor-element elementor-element-24836f7c elementor-widget elementor-widget-heading\" data-id=\"24836f7c\" data-element_type=\"widget\" data-widget_type=\"heading.default\">\n\t\t\t\t<div class=\"elementor-widget-container\">\n\t\t\t\t\t<h4 class=\"elementor-heading-title elementor-size-default\">\u00bfQuien soy y a qu\u00e9 me dedico?\n<\/h4>\t\t\t\t<\/div>\n\t\t\t\t<\/div>\n\t\t\t\t<div class=\"elementor-element elementor-element-3dd17b2d elementor-widget elementor-widget-text-editor\" data-id=\"3dd17b2d\" data-element_type=\"widget\" data-widget_type=\"text-editor.default\">\n\t\t\t\t<div class=\"elementor-widget-container\">\n\t\t\t\t\t\t\t\t\t<p>Me encantan los caballos, vivo por y para ellos, intentando mejorar cada d\u00eda todos los peque\u00f1os detalles que nos permitan alcanzar las m\u00e1s ambiciosas metas deportivas. No hay dos caballos iguales, as\u00ed que, paso much\u00edsimas horas con ellos para llegar a conocerlos bien. Estos detalles son los que marcan la diferencia cuando hay que dar el cien por cien en la pista.<\/p><p><span style=\"color: #999999;\"><em>\u00abLos que dicen que es imposible no deber\u00edan molestar a los que lo est\u00e1n haciendo.\u00bb<\/em><\/span>\u00a0<\/p><p>A. Einstein<\/p>\t\t\t\t\t\t\t\t<\/div>\n\t\t\t\t<\/div>\n\t\t\t\t<\/div>\n\t\t<div class=\"elementor-element elementor-element-59e5ac54 e-con-full e-flex e-con e-child\" data-id=\"59e5ac54\" data-element_type=\"container\">\n\t\t\t\t<div class=\"elementor-element elementor-element-4705dc6 animated-slow elementor-invisible elementor-widget elementor-widget-image\" data-id=\"4705dc6\" data-element_type=\"widget\" data-settings=\"{&quot;_animation&quot;:&quot;fadeInRight&quot;,&quot;_animation_delay&quot;:100}\" data-widget_type=\"image.default\">\n\t\t\t\t<div class=\"elementor-widget-container\">\n\t\t\t\t\t\t\t\t\t\t\t\t\t\t\t<img fetchpriority=\"high\" decoding=\"async\" width=\"1000\" height=\"999\" src=\"http:\/\/www.jmssporthorses.es\/wp-content\/uploads\/2024\/04\/88980829_2868615399873708_7395614649246285824_n.jpg\" class=\"attachment-large size-large wp-image-1595\" alt=\"\" srcset=\"http:\/\/www.jmssporthorses.es\/wp-content\/uploads\/2024\/04\/88980829_2868615399873708_7395614649246285824_n.jpg 1000w, http:\/\/www.jmssporthorses.es\/wp-content\/uploads\/2024\/04\/88980829_2868615399873708_7395614649246285824_n-300x300.jpg 300w, http:\/\/www.jmssporthorses.es\/wp-content\/uploads\/2024\/04\/88980829_2868615399873708_7395614649246285824_n-150x150.jpg 150w, http:\/\/www.jmssporthorses.es\/wp-content\/uploads\/2024\/04\/88980829_2868615399873708_7395614649246285824_n-768x767.jpg 768w\" sizes=\"(max-width: 1000px) 100vw, 1000px\" \/>\t\t\t\t\t\t\t\t\t\t\t\t\t\t\t<\/div>\n\t\t\t\t<\/div>\n\t\t\t\t<\/div>\n\t\t\t\t<\/div>\n\t\t\t\t<\/div>\n\t\t\t\t\t<\/div>\n\t\t\t\t<\/div>\n\t\t<div class=\"elementor-element elementor-element-727fd048 e-flex e-con-boxed e-con e-parent\" data-id=\"727fd048\" data-element_type=\"container\" data-settings=\"{&quot;background_background&quot;:&quot;classic&quot;}\">\n\t\t\t\t\t<div class=\"e-con-inner\">\n\t\t<div class=\"elementor-element elementor-element-480cdc32 e-con-full e-flex e-con e-child\" data-id=\"480cdc32\" data-element_type=\"container\">\n\t\t\t\t<div class=\"elementor-element elementor-element-502b7163 elementor-widget__width-initial elementor-widget elementor-widget-image\" data-id=\"502b7163\" data-element_type=\"widget\" data-widget_type=\"image.default\">\n\t\t\t\t<div class=\"elementor-widget-container\">\n\t\t\t\t\t\t\t\t\t\t\t\t\t\t\t<img decoding=\"async\" width=\"1440\" height=\"1800\" src=\"http:\/\/www.jmssporthorses.es\/wp-content\/uploads\/2024\/04\/275519101_4976932819041945_2071969099907152272_n.jpg\" class=\"attachment-full size-full wp-image-1597\" alt=\"\" srcset=\"http:\/\/www.jmssporthorses.es\/wp-content\/uploads\/2024\/04\/275519101_4976932819041945_2071969099907152272_n.jpg 1440w, http:\/\/www.jmssporthorses.es\/wp-content\/uploads\/2024\/04\/275519101_4976932819041945_2071969099907152272_n-240x300.jpg 240w, http:\/\/www.jmssporthorses.es\/wp-content\/uploads\/2024\/04\/275519101_4976932819041945_2071969099907152272_n-819x1024.jpg 819w, http:\/\/www.jmssporthorses.es\/wp-content\/uploads\/2024\/04\/275519101_4976932819041945_2071969099907152272_n-768x960.jpg 768w, http:\/\/www.jmssporthorses.es\/wp-content\/uploads\/2024\/04\/275519101_4976932819041945_2071969099907152272_n-1229x1536.jpg 1229w\" sizes=\"(max-width: 1440px) 100vw, 1440px\" \/>\t\t\t\t\t\t\t\t\t\t\t\t\t\t\t<\/div>\n\t\t\t\t<\/div>\n\t\t\t\t<\/div>\n\t\t<div class=\"elementor-element elementor-element-562c9fa e-con-full e-flex e-con e-child\" data-id=\"562c9fa\" data-element_type=\"container\">\n\t\t<div class=\"elementor-element elementor-element-407ae13d e-con-full e-flex e-con e-child\" data-id=\"407ae13d\" data-element_type=\"container\">\n\t\t<div class=\"elementor-element elementor-element-4084a308 e-con-full e-flex e-con e-child\" data-id=\"4084a308\" data-element_type=\"container\">\n\t\t\t\t<div class=\"elementor-element elementor-element-6be4444a elementor-widget elementor-widget-heading\" data-id=\"6be4444a\" data-element_type=\"widget\" data-widget_type=\"heading.default\">\n\t\t\t\t<div class=\"elementor-widget-container\">\n\t\t\t\t\t<h2 class=\"elementor-heading-title elementor-size-default\">C\u00f3mo Trabajo<\/h2>\t\t\t\t<\/div>\n\t\t\t\t<\/div>\n\t\t\t\t<div class=\"elementor-element elementor-element-07c5407 elementor-widget elementor-widget-text-editor\" data-id=\"07c5407\" data-element_type=\"widget\" data-widget_type=\"text-editor.default\">\n\t\t\t\t<div class=\"elementor-widget-container\">\n\t\t\t\t\t\t\t\t\t<p>Para conseguir esto, el caballo ha de estar muy en forma tanto f\u00edsica como psicol\u00f3gicamente. Un trabajo variado y cuidarlo y respetarlo son elementos indispensables para alcanzar este objetivo.\u00a0<\/p>\t\t\t\t\t\t\t\t<\/div>\n\t\t\t\t<\/div>\n\t\t\t\t<div class=\"elementor-element elementor-element-d1d6fcf elementor-widget elementor-widget-progress\" data-id=\"d1d6fcf\" data-element_type=\"widget\" data-widget_type=\"progress.default\">\n\t\t\t\t<div class=\"elementor-widget-container\">\n\t\t\t\t\t\n\t\t<div class=\"elementor-progress-wrapper\" role=\"progressbar\" aria-valuemin=\"0\" aria-valuemax=\"100\" aria-valuenow=\"90\" aria-valuetext=\"90% (Conocimiento Equino)\">\n\t\t\t<div class=\"elementor-progress-bar\" data-max=\"90\">\n\t\t\t\t<span class=\"elementor-progress-text\">Conocimiento Equino<\/span>\n\t\t\t\t\t\t\t\t\t<span class=\"elementor-progress-percentage\">90%<\/span>\n\t\t\t\t\t\t\t<\/div>\n\t\t<\/div>\n\t\t\t\t\t\t<\/div>\n\t\t\t\t<\/div>\n\t\t\t\t<div class=\"elementor-element elementor-element-c2f8104 elementor-widget elementor-widget-progress\" data-id=\"c2f8104\" data-element_type=\"widget\" data-widget_type=\"progress.default\">\n\t\t\t\t<div class=\"elementor-widget-container\">\n\t\t\t\t\t\n\t\t<div class=\"elementor-progress-wrapper\" role=\"progressbar\" aria-valuemin=\"0\" aria-valuemax=\"100\" aria-valuenow=\"84\" aria-valuetext=\"84% (Habilidades de Comunicaci\u00f3n)\">\n\t\t\t<div class=\"elementor-progress-bar\" data-max=\"84\">\n\t\t\t\t<span class=\"elementor-progress-text\">Habilidades de Comunicaci\u00f3n<\/span>\n\t\t\t\t\t\t\t\t\t<span class=\"elementor-progress-percentage\">84%<\/span>\n\t\t\t\t\t\t\t<\/div>\n\t\t<\/div>\n\t\t\t\t\t\t<\/div>\n\t\t\t\t<\/div>\n\t\t\t\t<div class=\"elementor-element elementor-element-a467c53 elementor-widget elementor-widget-progress\" data-id=\"a467c53\" data-element_type=\"widget\" data-widget_type=\"progress.default\">\n\t\t\t\t<div class=\"elementor-widget-container\">\n\t\t\t\t\t\n\t\t<div class=\"elementor-progress-wrapper\" role=\"progressbar\" aria-valuemin=\"0\" aria-valuemax=\"100\" aria-valuenow=\"78\" aria-valuetext=\"78% (Habilidades de Observaci\u00f3n)\">\n\t\t\t<div class=\"elementor-progress-bar\" data-max=\"78\">\n\t\t\t\t<span class=\"elementor-progress-text\">Habilidades de Observaci\u00f3n<\/span>\n\t\t\t\t\t\t\t\t\t<span class=\"elementor-progress-percentage\">78%<\/span>\n\t\t\t\t\t\t\t<\/div>\n\t\t<\/div>\n\t\t\t\t\t\t<\/div>\n\t\t\t\t<\/div>\n\t\t\t\t<div class=\"elementor-element elementor-element-60d36b6 elementor-widget elementor-widget-progress\" data-id=\"60d36b6\" data-element_type=\"widget\" data-widget_type=\"progress.default\">\n\t\t\t\t<div class=\"elementor-widget-container\">\n\t\t\t\t\t\n\t\t<div class=\"elementor-progress-wrapper\" role=\"progressbar\" aria-valuemin=\"0\" aria-valuemax=\"100\" aria-valuenow=\"76\" aria-valuetext=\"76% (Empat\u00eda y Paciencia)\">\n\t\t\t<div class=\"elementor-progress-bar\" data-max=\"76\">\n\t\t\t\t<span class=\"elementor-progress-text\">Empat\u00eda y Paciencia<\/span>\n\t\t\t\t\t\t\t\t\t<span class=\"elementor-progress-percentage\">76%<\/span>\n\t\t\t\t\t\t\t<\/div>\n\t\t<\/div>\n\t\t\t\t\t\t<\/div>\n\t\t\t\t<\/div>\n\t\t\t\t<div class=\"elementor-element elementor-element-57f065e elementor-blockquote--skin-border elementor-blockquote--button-color-official elementor-widget elementor-widget-blockquote\" data-id=\"57f065e\" data-element_type=\"widget\" data-widget_type=\"blockquote.default\">\n\t\t\t\t<div class=\"elementor-widget-container\">\n\t\t\t\t\t\t\t<blockquote class=\"elementor-blockquote\">\n\t\t\t<p class=\"elementor-blockquote__content\">\n\t\t\t\tA un caballo no le importar\u00e1 lo que sabes, \u00fanicamente cu\u00e1nto te importa \u00e9l. Pon tu mano en tu caballo y tu coraz\u00f3n en ella.\t\t\t<\/p>\n\t\t\t\t\t\t\t<footer>\n\t\t\t\t\t\t\t\t\t\t\t<cite class=\"elementor-blockquote__author\">Pat Parelli<\/cite>\n\t\t\t\t\t\t\t\t\t\t\t\t\t\t<\/footer>\n\t\t\t\t\t<\/blockquote>\n\t\t\t\t\t\t<\/div>\n\t\t\t\t<\/div>\n\t\t\t\t<div class=\"elementor-element elementor-element-c019e34 e-transform elementor-pagination-position-outside elementor-widget elementor-widget-image-carousel\" data-id=\"c019e34\" data-element_type=\"widget\" data-settings=\"{&quot;slides_to_show&quot;:&quot;4&quot;,&quot;navigation&quot;:&quot;dots&quot;,&quot;autoplay&quot;:&quot;yes&quot;,&quot;pause_on_hover&quot;:&quot;yes&quot;,&quot;pause_on_interaction&quot;:&quot;yes&quot;,&quot;autoplay_speed&quot;:5000,&quot;infinite&quot;:&quot;yes&quot;,&quot;speed&quot;:500,&quot;_transform_scaleX_effect&quot;:{&quot;unit&quot;:&quot;px&quot;,&quot;size&quot;:&quot;&quot;,&quot;sizes&quot;:[]},&quot;_transform_scaleX_effect_tablet&quot;:{&quot;unit&quot;:&quot;px&quot;,&quot;size&quot;:&quot;&quot;,&quot;sizes&quot;:[]},&quot;_transform_scaleX_effect_mobile&quot;:{&quot;unit&quot;:&quot;px&quot;,&quot;size&quot;:&quot;&quot;,&quot;sizes&quot;:[]},&quot;_transform_scaleY_effect&quot;:{&quot;unit&quot;:&quot;px&quot;,&quot;size&quot;:&quot;&quot;,&quot;sizes&quot;:[]},&quot;_transform_scaleY_effect_tablet&quot;:{&quot;unit&quot;:&quot;px&quot;,&quot;size&quot;:&quot;&quot;,&quot;sizes&quot;:[]},&quot;_transform_scaleY_effect_mobile&quot;:{&quot;unit&quot;:&quot;px&quot;,&quot;size&quot;:&quot;&quot;,&quot;sizes&quot;:[]}}\" data-widget_type=\"image-carousel.default\">\n\t\t\t\t<div class=\"elementor-widget-container\">\n\t\t\t\t\t\t\t<div class=\"elementor-image-carousel-wrapper swiper\" role=\"region\" aria-roledescription=\"carousel\" aria-label=\"Carrusel de im\u00e1genes\" dir=\"ltr\">\n\t\t\t<div class=\"elementor-image-carousel swiper-wrapper\" aria-live=\"off\">\n\t\t\t\t\t\t\t\t<div class=\"swiper-slide\" role=\"group\" aria-roledescription=\"slide\" aria-label=\"1 de 6\"><figure class=\"swiper-slide-inner\"><img decoding=\"async\" class=\"swiper-slide-image\" src=\"http:\/\/www.jmssporthorses.es\/wp-content\/uploads\/2024\/01\/horse-874890_1280-150x150.jpg\" alt=\"horse-874890_1280\" \/><\/figure><\/div><div class=\"swiper-slide\" role=\"group\" aria-roledescription=\"slide\" aria-label=\"2 de 6\"><figure class=\"swiper-slide-inner\"><img decoding=\"async\" class=\"swiper-slide-image\" src=\"http:\/\/www.jmssporthorses.es\/wp-content\/uploads\/2024\/01\/profile_3-150x150.png\" alt=\"profile_3\" \/><\/figure><\/div><div class=\"swiper-slide\" role=\"group\" aria-roledescription=\"slide\" aria-label=\"3 de 6\"><figure class=\"swiper-slide-inner\"><img decoding=\"async\" class=\"swiper-slide-image\" src=\"http:\/\/www.jmssporthorses.es\/wp-content\/uploads\/2024\/01\/profile_2-150x150.jpg\" alt=\"profile_2\" \/><\/figure><\/div><div class=\"swiper-slide\" role=\"group\" aria-roledescription=\"slide\" aria-label=\"4 de 6\"><figure class=\"swiper-slide-inner\"><img decoding=\"async\" class=\"swiper-slide-image\" src=\"http:\/\/www.jmssporthorses.es\/wp-content\/uploads\/2024\/01\/slider_7-150x150.png\" alt=\"slider_7\" \/><\/figure><\/div><div class=\"swiper-slide\" role=\"group\" aria-roledescription=\"slide\" aria-label=\"5 de 6\"><figure class=\"swiper-slide-inner\"><img decoding=\"async\" class=\"swiper-slide-image\" src=\"http:\/\/www.jmssporthorses.es\/wp-content\/uploads\/2024\/01\/slider_9-150x150.png\" alt=\"slider_9\" \/><\/figure><\/div><div class=\"swiper-slide\" role=\"group\" aria-roledescription=\"slide\" aria-label=\"6 de 6\"><figure class=\"swiper-slide-inner\"><img decoding=\"async\" class=\"swiper-slide-image\" src=\"http:\/\/www.jmssporthorses.es\/wp-content\/uploads\/2024\/01\/slider_10-150x150.png\" alt=\"slider_10\" \/><\/figure><\/div>\t\t\t<\/div>\n\t\t\t\t\t\t\t\n\t\t\t\t\t\t\t\t\t<div class=\"swiper-pagination\"><\/div>\n\t\t\t\t\t\t\t\t\t<\/div>\n\t\t\t\t\t\t<\/div>\n\t\t\t\t<\/div>\n\t\t\t\t<\/div>\n\t\t\t\t<\/div>\n\t\t\t\t<\/div>\n\t\t\t\t\t<\/div>\n\t\t\t\t<\/div>\n\t\t\t\t<\/div>\n\t\t","protected":false},"excerpt":{"rendered":"<p>Sobre m\u00ed El verdadero logro no es solo cruzar la l\u00ednea de meta, sino el viaje transformador que te lleva all\u00ed. \u00a1Persiste y conquista tus propias metas! Acerca de m\u00ed \u00bfQuien soy y a qu\u00e9 me dedico? Me encantan los caballos, vivo por y para ellos, intentando mejorar cada d\u00eda todos los peque\u00f1os detalles que [&hellip;]<\/p>\n","protected":false},"author":1,"featured_media":0,"parent":0,"menu_order":0,"comment_status":"closed","ping_status":"closed","template":"","meta":{"_acf_changed":false,"site-sidebar-layout":"no-sidebar","site-content-layout":"page-builder","ast-site-content-layout":"full-width-container","site-content-style":"default","site-sidebar-style":"default","ast-global-header-display":"","ast-banner-title-visibility":"","ast-main-header-display":"","ast-hfb-above-header-display":"","ast-hfb-below-header-display":"","ast-hfb-mobile-header-display":"","site-post-title":"disabled","ast-breadcrumbs-content":"","ast-featured-img":"disabled","footer-sml-layout":"","theme-transparent-header-meta":"","adv-header-id-meta":"","stick-header-meta":"","header-above-stick-meta":"","header-main-stick-meta":"","header-below-stick-meta":"","astra-migrate-meta-layouts":"set","ast-page-background-enabled":"default","ast-page-background-meta":{"desktop":{"background-color":"","background-image":"","background-repeat":"repeat","background-position":"center center","background-size":"auto","background-attachment":"scroll","background-type":"","background-media":"","overlay-type":"","overlay-color":"","overlay-opacity":"","overlay-gradient":""},"tablet":{"background-color":"","background-image":"","background-repeat":"repeat","background-position":"center center","background-size":"auto","background-attachment":"scroll","background-type":"","background-media":"","overlay-type":"","overlay-color":"","overlay-opacity":"","overlay-gradient":""},"mobile":{"background-color":"","background-image":"","background-repeat":"repeat","background-position":"center center","background-size":"auto","background-attachment":"scroll","background-type":"","background-media":"","overlay-type":"","overlay-color":"","overlay-opacity":"","overlay-gradient":""}},"ast-content-background-meta":{"desktop":{"background-color":"var(--ast-global-color-5)","background-image":"","background-repeat":"repeat","background-position":"center center","background-size":"auto","background-attachment":"scroll","background-type":"","background-media":"","overlay-type":"","overlay-color":"","overlay-opacity":"","overlay-gradient":""},"tablet":{"background-color":"var(--ast-global-color-5)","background-image":"","background-repeat":"repeat","background-position":"center center","background-size":"auto","background-attachment":"scroll","background-type":"","background-media":"","overlay-type":"","overlay-color":"","overlay-opacity":"","overlay-gradient":""},"mobile":{"background-color":"var(--ast-global-color-5)","background-image":"","background-repeat":"repeat","background-position":"center center","background-size":"auto","background-attachment":"scroll","background-type":"","background-media":"","overlay-type":"","overlay-color":"","overlay-opacity":"","overlay-gradient":""}},"footnotes":""},"class_list":["post-1047","page","type-page","status-publish","hentry"],"acf":[],"_links":{"self":[{"href":"http:\/\/www.jmssporthorses.es\/index.php?rest_route=\/wp\/v2\/pages\/1047","targetHints":{"allow":["GET"]}}],"collection":[{"href":"http:\/\/www.jmssporthorses.es\/index.php?rest_route=\/wp\/v2\/pages"}],"about":[{"href":"http:\/\/www.jmssporthorses.es\/index.php?rest_route=\/wp\/v2\/types\/page"}],"author":[{"embeddable":true,"href":"http:\/\/www.jmssporthorses.es\/index.php?rest_route=\/wp\/v2\/users\/1"}],"replies":[{"embeddable":true,"href":"http:\/\/www.jmssporthorses.es\/index.php?rest_route=%2Fwp%2Fv2%2Fcomments&post=1047"}],"version-history":[{"count":40,"href":"http:\/\/www.jmssporthorses.es\/index.php?rest_route=\/wp\/v2\/pages\/1047\/revisions"}],"predecessor-version":[{"id":1609,"href":"http:\/\/www.jmssporthorses.es\/index.php?rest_route=\/wp\/v2\/pages\/1047\/revisions\/1609"}],"wp:attachment":[{"href":"http:\/\/www.jmssporthorses.es\/index.php?rest_route=%2Fwp%2Fv2%2Fmedia&parent=1047"}],"curies":[{"name":"wp","href":"https:\/\/api.w.org\/{rel}","templated":true}]}}